{"id":848,"date":"2023-03-12T14:14:37","date_gmt":"2023-03-12T14:14:37","guid":{"rendered":"https:\/\/www.pfitscherhof.net\/impressum\/"},"modified":"2024-10-24T11:42:10","modified_gmt":"2024-10-24T11:42:10","slug":"impressum","status":"publish","type":"page","link":"https:\/\/www.pfitscherhof.net\/it\/impressum\/","title":{"rendered":"Impressum"},"content":{"rendered":"\t\t<div data-elementor-type=\"wp-page\" data-elementor-id=\"848\" class=\"elementor elementor-848 elementor-817\" data-elementor-post-type=\"page\">\n\t\t\t\t\t\t<section class=\"elementor-section elementor-top-section elementor-element elementor-element-1dd43cd elementor-section-full_width elementor-section-height-default elementor-section-height-default\" data-id=\"1dd43cd\" data-element_type=\"section\" data-settings=\"{&quot;background_background&quot;:&quot;classic&quot;}\">\n\t\t\t\t\t\t<div class=\"elementor-container elementor-column-gap-no\">\n\t\t\t\t\t<div class=\"elementor-column elementor-col-100 elementor-top-column elementor-element elementor-element-bb74ed8\" data-id=\"bb74ed8\" data-element_type=\"column\">\n\t\t\t<div class=\"elementor-widget-wrap elementor-element-populated\">\n\t\t\t\t\t\t<section class=\"elementor-section elementor-inner-section elementor-element elementor-element-2aa5dcb elementor-section-full_width elementor-section-content-middle elementor-section-height-default elementor-section-height-default\" data-id=\"2aa5dcb\" data-element_type=\"section\">\n\t\t\t\t\t\t<div class=\"elementor-container elementor-column-gap-no\">\n\t\t\t\t\t<div class=\"elementor-column elementor-col-100 elementor-inner-column elementor-element elementor-element-455a6af section-heading-container\" data-id=\"455a6af\" data-element_type=\"column\">\n\t\t\t<div class=\"elementor-widget-wrap elementor-element-populated\">\n\t\t\t\t\t\t<div class=\"elementor-element elementor-element-3105ca7 elementor-widget elementor-widget-heading\" data-id=\"3105ca7\" data-element_type=\"widget\" data-widget_type=\"heading.default\">\n\t\t\t\t<div class=\"elementor-widget-container\">\n\t\t\t<h1 class=\"elementor-heading-title elementor-size-default\">Colophon<\/h1>\t\t<\/div>\n\t\t\t\t<\/div>\n\t\t\t\t\t<\/div>\n\t\t<\/div>\n\t\t\t\t\t<\/div>\n\t\t<\/section>\n\t\t\t\t<section class=\"elementor-section elementor-inner-section elementor-element elementor-element-73e8630 elementor-section-full_width elementor-section-height-default elementor-section-height-default\" data-id=\"73e8630\" data-element_type=\"section\">\n\t\t\t\t\t\t<div class=\"elementor-container elementor-column-gap-no\">\n\t\t\t\t\t<div class=\"elementor-column elementor-col-100 elementor-inner-column elementor-element elementor-element-0d72b32\" data-id=\"0d72b32\" data-element_type=\"column\">\n\t\t\t<div class=\"elementor-widget-wrap elementor-element-populated\">\n\t\t\t\t\t\t<div class=\"elementor-element elementor-element-1cceb28 elementor-widget elementor-widget-text-editor\" data-id=\"1cceb28\" data-element_type=\"widget\" data-widget_type=\"text-editor.default\">\n\t\t\t\t<div class=\"elementor-widget-container\">\n\t\t\t\t\t\t\t<p>Pfitscherhof<\/p>\n\t\t\t\t\t\t<\/div>\n\t\t\t\t<\/div>\n\t\t\t\t<div class=\"elementor-element elementor-element-691f9ae privacy_txt elementor-widget elementor-widget-text-editor\" data-id=\"691f9ae\" data-element_type=\"widget\" data-widget_type=\"text-editor.default\">\n\t\t\t\t<div class=\"elementor-widget-container\">\n\t\t\t\t\t\t\t<p>Flans 39<br \/>39040 Campo di Trens<br \/>Alto Adige | Italia<\/p><p><a href=\"tel:+390472694252\">+39 0472 694252<\/a><br \/><a href=\"mailto:info@pfitscherhof.net\">info@pfitscherhof.net<\/a><\/p><p>P. IVA: BRGWTR74D08M067M<br \/>Cod. Fisc. 01647960218<br \/>Codice CIN: IT021016B5SF5W4EPS<\/p>\t\t\t\t\t\t<\/div>\n\t\t\t\t<\/div>\n\t\t\t\t<div class=\"elementor-element elementor-element-974f2fb elementor-widget elementor-widget-text-editor\" data-id=\"974f2fb\" data-element_type=\"widget\" data-widget_type=\"text-editor.default\">\n\t\t\t\t<div class=\"elementor-widget-container\">\n\t\t\t\t\t\t\tCopyright per le immagini e grafiche utilizzate:\t\t\t\t\t\t<\/div>\n\t\t\t\t<\/div>\n\t\t\t\t<div class=\"elementor-element elementor-element-2a020d2 privacy_txt elementor-widget elementor-widget-text-editor\" data-id=\"2a020d2\" data-element_type=\"widget\" data-widget_type=\"text-editor.default\">\n\t\t\t\t<div class=\"elementor-widget-container\">\n\t\t\t\t\t\t\t<p>Pfitscherhof<\/p>\n\t\t\t\t\t\t<\/div>\n\t\t\t\t<\/div>\n\t\t\t\t<div class=\"elementor-element elementor-element-f3f5fde elementor-widget elementor-widget-text-editor\" data-id=\"f3f5fde\" data-element_type=\"widget\" data-widget_type=\"text-editor.default\">\n\t\t\t\t<div class=\"elementor-widget-container\">\n\t\t\t\t\t\t\tRisoluzione delle controversie \t\t\t\t\t\t<\/div>\n\t\t\t\t<\/div>\n\t\t\t\t<div class=\"elementor-element elementor-element-5b02eab elementor-widget elementor-widget-text-editor\" data-id=\"5b02eab\" data-element_type=\"widget\" data-widget_type=\"text-editor.default\">\n\t\t\t\t<div class=\"elementor-widget-container\">\n\t\t\t\t\t\t\tInformazioni obbligatorie ai sensi del Regolamento UE n. 524\/2013 del Parlamento e Consiglio europeo. Piattaforma per la risoluzione online delle controversie (ODR) della Commissione europea: <a href=\"https:\/\/ec.europa.eu\/consumers\/odr\/main\/?event=main.trader.register\" target=\"_blank\" rel=\"noopener\">https:\/\/ec.europa.eu\/consumers\/odr\/main\/?event=main.trader.register<\/a>\t\t\t\t\t\t<\/div>\n\t\t\t\t<\/div>\n\t\t\t\t<div class=\"elementor-element elementor-element-7ecf5c5 elementor-widget elementor-widget-text-editor\" data-id=\"7ecf5c5\" data-element_type=\"widget\" data-widget_type=\"text-editor.default\">\n\t\t\t\t<div class=\"elementor-widget-container\">\n\t\t\t\t\t\t\tConcetto e realizzazione\t\t\t\t\t\t<\/div>\n\t\t\t\t<\/div>\n\t\t\t\t<div class=\"elementor-element elementor-element-cd0ff2b privacy_txt elementor-widget elementor-widget-text-editor\" data-id=\"cd0ff2b\" data-element_type=\"widget\" data-widget_type=\"text-editor.default\">\n\t\t\t\t<div class=\"elementor-widget-container\">\n\t\t\t\t\t\t\tmuwit der sandra Stablum<br>\nCitt\u00e1 Alta 60<br>\n39043 Chiusa<br>\nTel. +39 347 1330206<br>\nPart. IVA 02730810211<br>\nCod. fisc. STB SDR 88 A44 B160 S<br>\n<a href=\"mailto:info@muwit.it\">info@muwit.it<\/a><br>\n<a href=\"http:\/\/www.muwit.it\">www.muwit.it<\/a>\t\t\t\t\t\t<\/div>\n\t\t\t\t<\/div>\n\t\t\t\t<div class=\"elementor-element elementor-element-a42d2b8 elementor-widget elementor-widget-text-editor\" data-id=\"a42d2b8\" data-element_type=\"widget\" data-widget_type=\"text-editor.default\">\n\t\t\t\t<div class=\"elementor-widget-container\">\n\t\t\t\t\t\t\tResponsabile per il contenuto:\t\t\t\t\t\t<\/div>\n\t\t\t\t<\/div>\n\t\t\t\t<div class=\"elementor-element elementor-element-337ac6a elementor-widget elementor-widget-text-editor\" data-id=\"337ac6a\" data-element_type=\"widget\" data-widget_type=\"text-editor.default\">\n\t\t\t\t<div class=\"elementor-widget-container\">\n\t\t\t\t\t\t\t<p>Pfitscherhof<\/p>\t\t\t\t\t\t<\/div>\n\t\t\t\t<\/div>\n\t\t\t\t<div class=\"elementor-element elementor-element-4fc22a9 elementor-widget elementor-widget-text-editor\" data-id=\"4fc22a9\" data-element_type=\"widget\" data-widget_type=\"text-editor.default\">\n\t\t\t\t<div class=\"elementor-widget-container\">\n\t\t\t\t\t\t\tDichiarazione liberatoria:\nResponsabilit\u00e0 per i contenuti\n\t\t\t\t\t\t<\/div>\n\t\t\t\t<\/div>\n\t\t\t\t<div class=\"elementor-element elementor-element-e796375 elementor-widget elementor-widget-text-editor\" data-id=\"e796375\" data-element_type=\"widget\" data-widget_type=\"text-editor.default\">\n\t\t\t\t<div class=\"elementor-widget-container\">\n\t\t\t\t\t\t\tI contenuti delle nostre pagine sono stati redatti, elaborati e controllati scrupolosamente. Tuttavia, non ci assumiamo nessuna responsabilit\u00e0 per la correttezza, qualit\u00e0, completezza e attualit\u00e0 dei contenuti, poich\u00e9 non \u00e8 da escludere che siano cambiati nel tempo. Come prestatori di servizi siamo responsabili per i contenuti di queste pagine in base alla normativa vigente. Nella nostra qualit\u00e0 di prestatori di servizi non siamo per\u00f2 obbligati a controllare l\u2019esattezza di informazioni ricevute o salvate da terzi, o a controllare se sussistano irregolarit\u00e0 che indichino un\u2019attivit\u00e0 illegale. L\u2019obbligo di rimuovere o bloccare l\u2019utilizzo di informazioni secondo la normativa vigente rimane valido. L\u2019assunzione di tale responsabilit\u00e0 \u00e8 tuttavia possibile solamente dopo il momento dell\u2019effettivo riconoscimento da parte nostra di una concreta violazione di diritto. Alla presa d\u2019atto di tali violazioni di legge provvederemo immediatamente alla rimozione dei contenuti in questione.\nSi escludono di principio le rivendicazioni di responsabilit\u00e0 di qualsiasi tipo causate dall\u2019utilizzo di informazioni messe a disposizione, oppure da informazioni errate e\/o incomplete.\t\t\t\t\t\t<\/div>\n\t\t\t\t<\/div>\n\t\t\t\t<div class=\"elementor-element elementor-element-3c76553 elementor-widget elementor-widget-text-editor\" data-id=\"3c76553\" data-element_type=\"widget\" data-widget_type=\"text-editor.default\">\n\t\t\t\t<div class=\"elementor-widget-container\">\n\t\t\t\t\t\t\t<p>Responsabilit\u00e0 per i link<\/p>\t\t\t\t\t\t<\/div>\n\t\t\t\t<\/div>\n\t\t\t\t<div class=\"elementor-element elementor-element-a4b023e elementor-widget elementor-widget-text-editor\" data-id=\"a4b023e\" data-element_type=\"widget\" data-widget_type=\"text-editor.default\">\n\t\t\t\t<div class=\"elementor-widget-container\">\n\t\t\t\t\t\t\tLa nostra offerta contiene dei collegamenti ipertestuali con siti web esterni di terzi, sui cui contenuti non possiamo influire. Per questo motivo non forniamo nessuna garanzia sui contenuti dei siti web linkati, indipendentemente dal tipo e dalla natura. Ne \u00e8 responsabile solamente il relativo proprietario o gestore del sito. Un controllo permanente dei contenuti dei siti linkati al presente non \u00e8 fattibile senza concreti punti di riferimento. All\u2019avvenuta conoscenza d\u2019infrazioni contro la legge causate dai siti web linkati, i link in questione saranno subito rimossi.\t\t\t\t\t\t<\/div>\n\t\t\t\t<\/div>\n\t\t\t\t<div class=\"elementor-element elementor-element-c2b10f9 elementor-widget elementor-widget-text-editor\" data-id=\"c2b10f9\" data-element_type=\"widget\" data-widget_type=\"text-editor.default\">\n\t\t\t\t<div class=\"elementor-widget-container\">\n\t\t\t\t\t\t\t<p>Copyright<\/p>\t\t\t\t\t\t<\/div>\n\t\t\t\t<\/div>\n\t\t\t\t<div class=\"elementor-element elementor-element-145eaf6 elementor-widget elementor-widget-text-editor\" data-id=\"145eaf6\" data-element_type=\"widget\" data-widget_type=\"text-editor.default\">\n\t\t\t\t<div class=\"elementor-widget-container\">\n\t\t\t\t\t\t\tTutti i contenuti e le opere creati dal web designer e dai gestori del sito sono protetti da copyright. La riproduzione, l\u2019alterazione, la distribuzione e qualsiasi forma di utilizzo, soprattutto per scopi commerciali, al di fuori dei limiti del diritto d\u2019autore, sono severamente vietate e ammesse esclusivamente previa autorizzazione scritta del relativo autore o creatore. Nel caso i contenuti di questa pagina non siano stati creati dal gestore, sono da rispettare i diritti di copyright di terzi. I contenuti redatti da terzi sono contrassegnati come tali. In caso doveste notare una violazione del copyright, vi preghiamo gentilmente di farci pervenire un\u2019apposita segnalazione. All\u2019atto di presa di conoscenza di tali violazioni di legge, i contenuti in questione saranno naturalmente rimossi subito, senza per\u00f2 assumerne nessuna responsabilit\u00e0.\t\t\t\t\t\t<\/div>\n\t\t\t\t<\/div>\n\t\t\t\t\t<\/div>\n\t\t<\/div>\n\t\t\t\t\t<\/div>\n\t\t<\/section>\n\t\t\t\t\t<\/div>\n\t\t<\/div>\n\t\t\t\t\t<\/div>\n\t\t<\/section>\n\t\t\t\t<\/div>\n\t\t","protected":false},"excerpt":{"rendered":"<p>Colophon Pfitscherhof Flans 3939040 Campo di TrensAlto Adige | Italia +39 0472 694252info@pfitscherhof.net P. IVA: BRGWTR74D08M067MCod. Fisc. 01647960218Codice CIN: IT021016B5SF5W4EPS Copyright per le immagini e grafiche utilizzate: Pfitscherhof Risoluzione delle controversie Informazioni obbligatorie ai sensi del Regolamento UE n. 524\/2013 del Parlamento e Consiglio europeo. Piattaforma per la risoluzione online delle controversie (ODR) della Commissione [&hellip;]<\/p>\n","protected":false},"author":1,"featured_media":0,"parent":0,"menu_order":0,"comment_status":"closed","ping_status":"closed","template":"elementor_header_footer","meta":{"footnotes":""},"class_list":["post-848","page","type-page","status-publish","hentry"],"yoast_head":"<!-- This site is optimized with the Yoast SEO plugin v23.9 - https:\/\/yoast.com\/wordpress\/plugins\/seo\/ -->\n<title>Impressum - Pfitscherhof<\/title>\n<meta name=\"robots\" content=\"index, follow, max-snippet:-1, max-image-preview:large, max-video-preview:-1\" \/>\n<link rel=\"canonical\" href=\"https:\/\/www.pfitscherhof.net\/it\/impressum\/\" \/>\n<meta property=\"og:locale\" content=\"it_IT\" \/>\n<meta property=\"og:type\" content=\"article\" \/>\n<meta property=\"og:title\" content=\"Impressum - Pfitscherhof\" \/>\n<meta property=\"og:description\" content=\"Colophon Pfitscherhof Flans 3939040 Campo di TrensAlto Adige | Italia +39 0472 694252info@pfitscherhof.net P. IVA: BRGWTR74D08M067MCod. Fisc. 01647960218Codice CIN: IT021016B5SF5W4EPS Copyright per le immagini e grafiche utilizzate: Pfitscherhof Risoluzione delle controversie Informazioni obbligatorie ai sensi del Regolamento UE n. 524\/2013 del Parlamento e Consiglio europeo. Piattaforma per la risoluzione online delle controversie (ODR) della Commissione [&hellip;]\" \/>\n<meta property=\"og:url\" content=\"https:\/\/www.pfitscherhof.net\/it\/impressum\/\" \/>\n<meta property=\"og:site_name\" content=\"Pfitscherhof\" \/>\n<meta property=\"article:modified_time\" content=\"2024-10-24T11:42:10+00:00\" \/>\n<meta name=\"twitter:card\" content=\"summary_large_image\" \/>\n<meta name=\"twitter:label1\" content=\"Tempo di lettura stimato\" \/>\n\t<meta name=\"twitter:data1\" content=\"3 minuti\" \/>\n<script type=\"application\/ld+json\" class=\"yoast-schema-graph\">{\"@context\":\"https:\/\/schema.org\",\"@graph\":[{\"@type\":\"WebPage\",\"@id\":\"https:\/\/www.pfitscherhof.net\/it\/impressum\/\",\"url\":\"https:\/\/www.pfitscherhof.net\/it\/impressum\/\",\"name\":\"Impressum - Pfitscherhof\",\"isPartOf\":{\"@id\":\"https:\/\/www.pfitscherhof.net\/it\/#website\"},\"datePublished\":\"2023-03-12T14:14:37+00:00\",\"dateModified\":\"2024-10-24T11:42:10+00:00\",\"breadcrumb\":{\"@id\":\"https:\/\/www.pfitscherhof.net\/it\/impressum\/#breadcrumb\"},\"inLanguage\":\"it-IT\",\"potentialAction\":[{\"@type\":\"ReadAction\",\"target\":[\"https:\/\/www.pfitscherhof.net\/it\/impressum\/\"]}]},{\"@type\":\"BreadcrumbList\",\"@id\":\"https:\/\/www.pfitscherhof.net\/it\/impressum\/#breadcrumb\",\"itemListElement\":[{\"@type\":\"ListItem\",\"position\":1,\"name\":\"Startseite\",\"item\":\"https:\/\/www.pfitscherhof.net\/it\/\"},{\"@type\":\"ListItem\",\"position\":2,\"name\":\"Impressum\"}]},{\"@type\":\"WebSite\",\"@id\":\"https:\/\/www.pfitscherhof.net\/it\/#website\",\"url\":\"https:\/\/www.pfitscherhof.net\/it\/\",\"name\":\"Pfitscherhof\",\"description\":\"\",\"publisher\":{\"@id\":\"https:\/\/www.pfitscherhof.net\/it\/#organization\"},\"potentialAction\":[{\"@type\":\"SearchAction\",\"target\":{\"@type\":\"EntryPoint\",\"urlTemplate\":\"https:\/\/www.pfitscherhof.net\/it\/?s={search_term_string}\"},\"query-input\":{\"@type\":\"PropertyValueSpecification\",\"valueRequired\":true,\"valueName\":\"search_term_string\"}}],\"inLanguage\":\"it-IT\"},{\"@type\":\"Organization\",\"@id\":\"https:\/\/www.pfitscherhof.net\/it\/#organization\",\"name\":\"Pfitscherhof\",\"url\":\"https:\/\/www.pfitscherhof.net\/it\/\",\"logo\":{\"@type\":\"ImageObject\",\"inLanguage\":\"it-IT\",\"@id\":\"https:\/\/www.pfitscherhof.net\/it\/#\/schema\/logo\/image\/\",\"url\":\"https:\/\/www.pfitscherhof.net\/wp-content\/uploads\/2023\/02\/Pfitscherhof-Favicon.png\",\"contentUrl\":\"https:\/\/www.pfitscherhof.net\/wp-content\/uploads\/2023\/02\/Pfitscherhof-Favicon.png\",\"width\":514,\"height\":514,\"caption\":\"Pfitscherhof\"},\"image\":{\"@id\":\"https:\/\/www.pfitscherhof.net\/it\/#\/schema\/logo\/image\/\"}}]}<\/script>\n<!-- \/ Yoast SEO plugin. -->","yoast_head_json":{"title":"Impressum - Pfitscherhof","robots":{"index":"index","follow":"follow","max-snippet":"max-snippet:-1","max-image-preview":"max-image-preview:large","max-video-preview":"max-video-preview:-1"},"canonical":"https:\/\/www.pfitscherhof.net\/it\/impressum\/","og_locale":"it_IT","og_type":"article","og_title":"Impressum - Pfitscherhof","og_description":"Colophon Pfitscherhof Flans 3939040 Campo di TrensAlto Adige | Italia +39 0472 694252info@pfitscherhof.net P. IVA: BRGWTR74D08M067MCod. Fisc. 01647960218Codice CIN: IT021016B5SF5W4EPS Copyright per le immagini e grafiche utilizzate: Pfitscherhof Risoluzione delle controversie Informazioni obbligatorie ai sensi del Regolamento UE n. 524\/2013 del Parlamento e Consiglio europeo. Piattaforma per la risoluzione online delle controversie (ODR) della Commissione [&hellip;]","og_url":"https:\/\/www.pfitscherhof.net\/it\/impressum\/","og_site_name":"Pfitscherhof","article_modified_time":"2024-10-24T11:42:10+00:00","twitter_card":"summary_large_image","twitter_misc":{"Tempo di lettura stimato":"3 minuti"},"schema":{"@context":"https:\/\/schema.org","@graph":[{"@type":"WebPage","@id":"https:\/\/www.pfitscherhof.net\/it\/impressum\/","url":"https:\/\/www.pfitscherhof.net\/it\/impressum\/","name":"Impressum - Pfitscherhof","isPartOf":{"@id":"https:\/\/www.pfitscherhof.net\/it\/#website"},"datePublished":"2023-03-12T14:14:37+00:00","dateModified":"2024-10-24T11:42:10+00:00","breadcrumb":{"@id":"https:\/\/www.pfitscherhof.net\/it\/impressum\/#breadcrumb"},"inLanguage":"it-IT","potentialAction":[{"@type":"ReadAction","target":["https:\/\/www.pfitscherhof.net\/it\/impressum\/"]}]},{"@type":"BreadcrumbList","@id":"https:\/\/www.pfitscherhof.net\/it\/impressum\/#breadcrumb","itemListElement":[{"@type":"ListItem","position":1,"name":"Startseite","item":"https:\/\/www.pfitscherhof.net\/it\/"},{"@type":"ListItem","position":2,"name":"Impressum"}]},{"@type":"WebSite","@id":"https:\/\/www.pfitscherhof.net\/it\/#website","url":"https:\/\/www.pfitscherhof.net\/it\/","name":"Pfitscherhof","description":"","publisher":{"@id":"https:\/\/www.pfitscherhof.net\/it\/#organization"},"potentialAction":[{"@type":"SearchAction","target":{"@type":"EntryPoint","urlTemplate":"https:\/\/www.pfitscherhof.net\/it\/?s={search_term_string}"},"query-input":{"@type":"PropertyValueSpecification","valueRequired":true,"valueName":"search_term_string"}}],"inLanguage":"it-IT"},{"@type":"Organization","@id":"https:\/\/www.pfitscherhof.net\/it\/#organization","name":"Pfitscherhof","url":"https:\/\/www.pfitscherhof.net\/it\/","logo":{"@type":"ImageObject","inLanguage":"it-IT","@id":"https:\/\/www.pfitscherhof.net\/it\/#\/schema\/logo\/image\/","url":"https:\/\/www.pfitscherhof.net\/wp-content\/uploads\/2023\/02\/Pfitscherhof-Favicon.png","contentUrl":"https:\/\/www.pfitscherhof.net\/wp-content\/uploads\/2023\/02\/Pfitscherhof-Favicon.png","width":514,"height":514,"caption":"Pfitscherhof"},"image":{"@id":"https:\/\/www.pfitscherhof.net\/it\/#\/schema\/logo\/image\/"}}]}},"_links":{"self":[{"href":"https:\/\/www.pfitscherhof.net\/it\/wp-json\/wp\/v2\/pages\/848","targetHints":{"allow":["GET"]}}],"collection":[{"href":"https:\/\/www.pfitscherhof.net\/it\/wp-json\/wp\/v2\/pages"}],"about":[{"href":"https:\/\/www.pfitscherhof.net\/it\/wp-json\/wp\/v2\/types\/page"}],"author":[{"embeddable":true,"href":"https:\/\/www.pfitscherhof.net\/it\/wp-json\/wp\/v2\/users\/1"}],"replies":[{"embeddable":true,"href":"https:\/\/www.pfitscherhof.net\/it\/wp-json\/wp\/v2\/comments?post=848"}],"version-history":[{"count":31,"href":"https:\/\/www.pfitscherhof.net\/it\/wp-json\/wp\/v2\/pages\/848\/revisions"}],"predecessor-version":[{"id":1679,"href":"https:\/\/www.pfitscherhof.net\/it\/wp-json\/wp\/v2\/pages\/848\/revisions\/1679"}],"wp:attachment":[{"href":"https:\/\/www.pfitscherhof.net\/it\/wp-json\/wp\/v2\/media?parent=848"}],"curies":[{"name":"wp","href":"https:\/\/api.w.org\/{rel}","templated":true}]}}